{"id":7765,"date":"2022-04-05T08:57:18","date_gmt":"2022-04-05T06:57:18","guid":{"rendered":"https:\/\/www.redlof-medien.de\/?page_id=7765"},"modified":"2025-08-22T13:48:56","modified_gmt":"2025-08-22T11:48:56","slug":"software-development","status":"publish","type":"page","link":"https:\/\/redlof-medien.de\/en\/portfolio\/software-development\/","title":{"rendered":"Custom software solutions"},"content":{"rendered":"<div class=\"wpb-content-wrapper\"><p>[vc_row][vc_column css=&#8221;.vc_custom_1653384846546{margin-bottom: 40px !important;border-top-width: 1px !important;border-bottom-width: 1px !important;border-top-color: #ffffff !important;border-top-style: solid !important;border-bottom-color: #ffffff !important;border-bottom-style: solid !important;}&#8221; offset=&#8221;vc_hidden-xs&#8221;][vc_column_text css_animation=&#8221;none&#8221; css=&#8221;&#8221; el_class=&#8221;xlarge&#8221;]<\/p>\n<h1>Custom<br \/>\nsoftware solutions<\/h1>\n<p>[\/vc_column_text][\/vc_column][\/vc_row][vc_row][vc_column css=&#8221;.vc_custom_1653384855770{margin-bottom: 40px !important;border-top-width: 1px !important;border-bottom-width: 1px !important;border-top-color: #ffffff !important;border-top-style: solid !important;border-bottom-color: #ffffff !important;border-bottom-style: solid !important;}&#8221; offset=&#8221;vc_hidden-lg vc_hidden-md vc_hidden-sm&#8221;][vc_column_text css_animation=&#8221;none&#8221; css=&#8221;&#8221;]<\/p>\n<h2>Custom<br \/>\nsoftware solutions<\/h2>\n<p>[\/vc_column_text][\/vc_column][\/vc_row][vc_row][vc_column][vc_column_text el_class=&#8221;introductory&#8221;]<\/p>\n<div class=\"column2 column_space\">\n<p>In software development, we focus on individuality, functionality, and innovation. We have already proved this in logistics, production, and quality management. Contact us, and we will be happy to guide you.<\/p>\n<\/div>\n<p>[\/vc_column_text][vc_row_inner css=&#8221;.vc_custom_1649927285111{margin-bottom: 0px !important;}&#8221;][vc_column_inner][vc_column_text css=&#8221;.vc_custom_1651735169457{margin-bottom: 10px !important;}&#8221;]<\/p>\n<div class=\"column2 column_space\">\n<h2><span style=\"color: #f57d3c;\">Logistics<\/span><\/h2>\n<\/div>\n<p>[\/vc_column_text][\/vc_column_inner][\/vc_row_inner][\/vc_column][\/vc_row][vc_row][vc_column width=&#8221;1\/2&#8243;][vc_column_text]<\/p>\n<div class=\"column2 column_space\">\n<p>To optimize the globally active processes of a logistics center, we comprehensively modernized the work processes in warehouses. Thanks to a user-friendly software solution, all loading and unloading processes, procedures, and progress are now recorded as a status display on a dynamic display board that can immediately display unscheduled changes.<\/p>\n<p>Not only does this save a lot of time, but it also guarantees efficient, smooth processes and sustainably reduces operating costs. Our customers can currently handle about 80 vehicles a day.<\/p>\n<\/div>\n<p>[\/vc_column_text][\/vc_column][vc_column width=&#8221;1\/2&#8243;][vc_single_image image=&#8221;7480&#8243; img_size=&#8221;full&#8221; add_caption=&#8221;yes&#8221; css=&#8221;&#8221;][\/vc_column][vc_column][vc_column_text el_class=&#8221;hidden&#8221;]Auch f\u00fcr die automatische LKW-Abfertigung an der Einfahrt fand Redlof Medien eine L\u00f6sung, um die Abl\u00e4ufe zu vereinfachen und zu beschleunigen. Hierf\u00fcr ist eine automatisierte Zugangsberechtigung f\u00fcr das Ent- und\/oder Beladen notwendig. Diese Informationen werden direkt an der Einfahrtsschranke in Papierform inklusiv kodiertem Ausweis und Zuweisungsort ausgeh\u00e4ndigt. Um einen erfolgreichen Ablauf zu garantieren, war Redlof Medien f\u00fcr die Hardware, die selbst entwickelte Software als auch dessen Anbindung an das bestehende Gatehouse System zust\u00e4ndig.[\/vc_column_text][\/vc_column][\/vc_row][vc_row][vc_column width=&#8221;1\/2&#8243;][vc_single_image image=&#8221;7454&#8243; img_size=&#8221;full&#8221; add_caption=&#8221;yes&#8221; css=&#8221;&#8221;][\/vc_column][vc_column width=&#8221;1\/2&#8243;][vc_column_text]<\/p>\n<div class=\"column2 column_space\">\n<h2><span style=\"color: #f57d3c;\">Production<\/span><\/h2>\n<p>Our individual software solutions lead to optimal networking and guarantee smooth production, which can be used for manual and automatic production and packaging lines. In the manual lines, the management software controls all production processes, creates quality checks, and keeps records.<\/p>\n<p>In the case of automatic lines, the production data and all relevant background processes are recorded by management software. At the same time, the speed of the production machines is determined, and the utilized materials are read.<\/p>\n<\/div>\n<p>[\/vc_column_text][\/vc_column][\/vc_row][vc_row][vc_column width=&#8221;1\/2&#8243;][vc_single_image image=&#8221;7481&#8243; img_size=&#8221;full&#8221; onclick=&#8221;link_image&#8221; css=&#8221;&#8221;][vc_single_image image=&#8221;7482&#8243; img_size=&#8221;full&#8221; onclick=&#8221;link_image&#8221; css=&#8221;&#8221;][\/vc_column][vc_column width=&#8221;1\/2&#8243;][vc_column_text]<\/p>\n<div class=\"column2 column_space\">\n<h2><span style=\"color: #f57d3c;\">Quality Management<\/span><\/h2>\n<p>Our developed \u201cQuality-Tool\u201d is not product-specific and can be used in various areas. Although we suggest the processes for a better overview, you are more than welcome to bring personal wishes. Thanks to our tools, the processes are clear and can be automated according to your necessities.<\/p>\n<p>The \u201cQuality-Tool\u201d communicates easily with all employees involved, provides regular questionnaires for quality assurance, and creates reports for overview and clarity. Any possible problems or errors are immediately recognizable and can be rectified.<\/p>\n<\/div>\n<p>[\/vc_column_text][\/vc_column][\/vc_row][vc_row][vc_column][vc_column_text]<\/p>\n<h2><span style=\"color: #f57d3c;\">Your Representative<\/span><\/h2>\n<p>[\/vc_column_text][\/vc_column][\/vc_row][vc_row equal_height=&#8221;yes&#8221;][vc_column width=&#8221;1\/3&#8243; css=&#8221;.vc_custom_1736847020898{margin-right: 10px !important;margin-bottom: 40px !important;margin-left: 10px !important;background-color: #3E464F !important;}&#8221;][vc_single_image image=&#8221;8491&#8243; img_size=&#8221;full&#8221;][\/vc_column][vc_column width=&#8221;2\/3&#8243;][vc_column_text css=&#8221;.vc_custom_1651735829141{margin-bottom: 0px !important;}&#8221; el_class=&#8221;introductory&#8221;]<\/p>\n<h3><strong>Are you interested?<\/strong><\/h3>\n<p>Contact us.<br \/>\nWe look forward to working with you.[\/vc_column_text][vc_column_text]<\/p>\n<h3>Markus Redlof<\/h3>\n<p>Mobile: +49 151 184 526 48<\/p>\n<p>E-mail: <a href=\"mailto:m.redlof@redlof-medien.de\">m.redlof@redlof-medien.de<\/a>[\/vc_column_text][\/vc_column][\/vc_row][vc_row][vc_column][vc_column_text]<a class=\"\" href=\"https:\/\/redlof-medien.de\/en\/portfolio\/\">back to the portfolio overview<\/a>[\/vc_column_text][\/vc_column][\/vc_row]<\/p>\n<\/div>","protected":false},"excerpt":{"rendered":"<p>[vc_row][vc_column css=&#8221;.vc_custom_1653384846546{margin-bottom: 40px !important;border-top-width: 1px !important;border-bottom-width: 1px !important;border-top-color: #ffffff !important;border-top-style: solid !important;border-bottom-color: #ffffff !important;border-bottom-style: solid !important;}&#8221; offset=&#8221;vc_hidden-xs&#8221;][vc_column_text css_animation=&#8221;none&#8221; css=&#8221;&#8221; el_class=&#8221;xlarge&#8221;] Custom software solutions [\/vc_column_text][\/vc_column][\/vc_row][vc_row][vc_column css=&#8221;.vc_custom_1653384855770{margin-bottom: 40px !important;border-top-width: 1px !important;border-bottom-width: 1px !important;border-top-color: #ffffff !important;border-top-style: solid !important;border-bottom-color: #ffffff !important;border-bottom-style: solid !important;}&#8221; offset=&#8221;vc_hidden-lg vc_hidden-md vc_hidden-sm&#8221;][vc_column_text css_animation=&#8221;none&#8221; css=&#8221;&#8221;] Custom software solutions [\/vc_column_text][\/vc_column][\/vc_row][vc_row][vc_column][vc_column_text el_class=&#8221;introductory&#8221;] In software development, we focus on&hellip;<\/p>\n","protected":false},"author":1,"featured_media":7178,"parent":7742,"menu_order":500,"comment_status":"closed","ping_status":"closed","template":"","meta":{"_acf_changed":false,"inline_featured_image":false,"footnotes":""},"class_list":["post-7765","page","type-page","status-publish","has-post-thumbnail","hentry"],"acf":[],"yoast_head":"<!-- This site is optimized with the Yoast SEO plugin v27.2 - https:\/\/yoast.com\/product\/yoast-seo-wordpress\/ -->\n<title>Custom software solutions - Redlof Medien<\/title>\n<meta name=\"description\" content=\"Our experts develop tailored applications to meet your business goals. Trust our experience in software development.\" \/>\n<meta name=\"robots\" content=\"index, follow, max-snippet:-1, max-image-preview:large, max-video-preview:-1\" \/>\n<link rel=\"canonical\" href=\"https:\/\/redlof-medien.de\/en\/portfolio\/software-development\/\" \/>\n<meta property=\"og:locale\" content=\"en_US\" \/>\n<meta property=\"og:type\" content=\"article\" \/>\n<meta property=\"og:title\" content=\"Custom software solutions - Redlof Medien\" \/>\n<meta property=\"og:description\" content=\"Our experts develop tailored applications to meet your business goals. Trust our experience in software development.\" \/>\n<meta property=\"og:url\" content=\"https:\/\/redlof-medien.de\/en\/portfolio\/software-development\/\" \/>\n<meta property=\"og:site_name\" content=\"Redlof Medien\" \/>\n<meta property=\"article:modified_time\" content=\"2025-08-22T11:48:56+00:00\" \/>\n<meta property=\"og:image\" content=\"https:\/\/redlof-medien.de\/wp-content\/uploads\/2021\/10\/portfolio_softwareentwicklung-1.jpg\" \/>\n\t<meta property=\"og:image:width\" content=\"784\" \/>\n\t<meta property=\"og:image:height\" content=\"560\" \/>\n\t<meta property=\"og:image:type\" content=\"image\/jpeg\" \/>\n<meta name=\"twitter:card\" content=\"summary_large_image\" \/>\n<meta name=\"twitter:label1\" content=\"Est. reading time\" \/>\n\t<meta name=\"twitter:data1\" content=\"4 minutes\" \/>\n<script type=\"application\/ld+json\" class=\"yoast-schema-graph\">{\"@context\":\"https:\/\/schema.org\",\"@graph\":[{\"@type\":\"WebPage\",\"@id\":\"https:\/\/redlof-medien.de\/en\/portfolio\/software-development\/\",\"url\":\"https:\/\/redlof-medien.de\/en\/portfolio\/software-development\/\",\"name\":\"Custom software solutions - Redlof Medien\",\"isPartOf\":{\"@id\":\"https:\/\/redlof-medien.de\/en\/#website\"},\"primaryImageOfPage\":{\"@id\":\"https:\/\/redlof-medien.de\/en\/portfolio\/software-development\/#primaryimage\"},\"image\":{\"@id\":\"https:\/\/redlof-medien.de\/en\/portfolio\/software-development\/#primaryimage\"},\"thumbnailUrl\":\"https:\/\/redlof-medien.de\/wp-content\/uploads\/2021\/10\/portfolio_softwareentwicklung-1.jpg\",\"datePublished\":\"2022-04-05T06:57:18+00:00\",\"dateModified\":\"2025-08-22T11:48:56+00:00\",\"description\":\"Our experts develop tailored applications to meet your business goals. Trust our experience in software development.\",\"breadcrumb\":{\"@id\":\"https:\/\/redlof-medien.de\/en\/portfolio\/software-development\/#breadcrumb\"},\"inLanguage\":\"en-US\",\"potentialAction\":[{\"@type\":\"ReadAction\",\"target\":[\"https:\/\/redlof-medien.de\/en\/portfolio\/software-development\/\"]}]},{\"@type\":\"ImageObject\",\"inLanguage\":\"en-US\",\"@id\":\"https:\/\/redlof-medien.de\/en\/portfolio\/software-development\/#primaryimage\",\"url\":\"https:\/\/redlof-medien.de\/wp-content\/uploads\/2021\/10\/portfolio_softwareentwicklung-1.jpg\",\"contentUrl\":\"https:\/\/redlof-medien.de\/wp-content\/uploads\/2021\/10\/portfolio_softwareentwicklung-1.jpg\",\"width\":784,\"height\":560,\"caption\":\"A computer screen shows a variety of numbers and letters in different colors and fonts.\"},{\"@type\":\"BreadcrumbList\",\"@id\":\"https:\/\/redlof-medien.de\/en\/portfolio\/software-development\/#breadcrumb\",\"itemListElement\":[{\"@type\":\"ListItem\",\"position\":1,\"name\":\"Home\",\"item\":\"https:\/\/redlof-medien.de\/en\/home-2\/\"},{\"@type\":\"ListItem\",\"position\":2,\"name\":\"Portfolio\",\"item\":\"https:\/\/redlof-medien.de\/en\/portfolio\/\"},{\"@type\":\"ListItem\",\"position\":3,\"name\":\"Custom software solutions\"}]},{\"@type\":\"WebSite\",\"@id\":\"https:\/\/redlof-medien.de\/en\/#website\",\"url\":\"https:\/\/redlof-medien.de\/en\/\",\"name\":\"Redlof Medien\",\"description\":\"Herzlich Willkommen bei Redlof Medien. Wir sind eine mittelst\u00e4ndisch gepr\u00e4gte Digitale Medien-Agentur.\",\"publisher\":{\"@id\":\"https:\/\/redlof-medien.de\/en\/#organization\"},\"potentialAction\":[{\"@type\":\"SearchAction\",\"target\":{\"@type\":\"EntryPoint\",\"urlTemplate\":\"https:\/\/redlof-medien.de\/en\/?s={search_term_string}\"},\"query-input\":{\"@type\":\"PropertyValueSpecification\",\"valueRequired\":true,\"valueName\":\"search_term_string\"}}],\"inLanguage\":\"en-US\"},{\"@type\":\"Organization\",\"@id\":\"https:\/\/redlof-medien.de\/en\/#organization\",\"name\":\"Redlof Medien GmbH & Co. KG\",\"alternateName\":\"Redlof Medien\",\"url\":\"https:\/\/redlof-medien.de\/en\/\",\"logo\":{\"@type\":\"ImageObject\",\"inLanguage\":\"en-US\",\"@id\":\"https:\/\/redlof-medien.de\/en\/#\/schema\/logo\/image\/\",\"url\":\"https:\/\/redlof-medien.de\/wp-content\/uploads\/2023\/10\/rm-google-logo.jpg\",\"contentUrl\":\"https:\/\/redlof-medien.de\/wp-content\/uploads\/2023\/10\/rm-google-logo.jpg\",\"width\":696,\"height\":696,\"caption\":\"Redlof Medien GmbH & Co. KG\"},\"image\":{\"@id\":\"https:\/\/redlof-medien.de\/en\/#\/schema\/logo\/image\/\"},\"sameAs\":[\"https:\/\/www.instagram.com\/redlof.medien\/\",\"https:\/\/de.linkedin.com\/company\/redlof-medien-gmbh-&-co.-kg\"]}]}<\/script>\n<!-- \/ Yoast SEO plugin. -->","yoast_head_json":{"title":"Custom software solutions - Redlof Medien","description":"Our experts develop tailored applications to meet your business goals. Trust our experience in software development.","robots":{"index":"index","follow":"follow","max-snippet":"max-snippet:-1","max-image-preview":"max-image-preview:large","max-video-preview":"max-video-preview:-1"},"canonical":"https:\/\/redlof-medien.de\/en\/portfolio\/software-development\/","og_locale":"en_US","og_type":"article","og_title":"Custom software solutions - Redlof Medien","og_description":"Our experts develop tailored applications to meet your business goals. Trust our experience in software development.","og_url":"https:\/\/redlof-medien.de\/en\/portfolio\/software-development\/","og_site_name":"Redlof Medien","article_modified_time":"2025-08-22T11:48:56+00:00","og_image":[{"width":784,"height":560,"url":"https:\/\/redlof-medien.de\/wp-content\/uploads\/2021\/10\/portfolio_softwareentwicklung-1.jpg","type":"image\/jpeg"}],"twitter_card":"summary_large_image","twitter_misc":{"Est. reading time":"4 minutes"},"schema":{"@context":"https:\/\/schema.org","@graph":[{"@type":"WebPage","@id":"https:\/\/redlof-medien.de\/en\/portfolio\/software-development\/","url":"https:\/\/redlof-medien.de\/en\/portfolio\/software-development\/","name":"Custom software solutions - Redlof Medien","isPartOf":{"@id":"https:\/\/redlof-medien.de\/en\/#website"},"primaryImageOfPage":{"@id":"https:\/\/redlof-medien.de\/en\/portfolio\/software-development\/#primaryimage"},"image":{"@id":"https:\/\/redlof-medien.de\/en\/portfolio\/software-development\/#primaryimage"},"thumbnailUrl":"https:\/\/redlof-medien.de\/wp-content\/uploads\/2021\/10\/portfolio_softwareentwicklung-1.jpg","datePublished":"2022-04-05T06:57:18+00:00","dateModified":"2025-08-22T11:48:56+00:00","description":"Our experts develop tailored applications to meet your business goals. Trust our experience in software development.","breadcrumb":{"@id":"https:\/\/redlof-medien.de\/en\/portfolio\/software-development\/#breadcrumb"},"inLanguage":"en-US","potentialAction":[{"@type":"ReadAction","target":["https:\/\/redlof-medien.de\/en\/portfolio\/software-development\/"]}]},{"@type":"ImageObject","inLanguage":"en-US","@id":"https:\/\/redlof-medien.de\/en\/portfolio\/software-development\/#primaryimage","url":"https:\/\/redlof-medien.de\/wp-content\/uploads\/2021\/10\/portfolio_softwareentwicklung-1.jpg","contentUrl":"https:\/\/redlof-medien.de\/wp-content\/uploads\/2021\/10\/portfolio_softwareentwicklung-1.jpg","width":784,"height":560,"caption":"A computer screen shows a variety of numbers and letters in different colors and fonts."},{"@type":"BreadcrumbList","@id":"https:\/\/redlof-medien.de\/en\/portfolio\/software-development\/#breadcrumb","itemListElement":[{"@type":"ListItem","position":1,"name":"Home","item":"https:\/\/redlof-medien.de\/en\/home-2\/"},{"@type":"ListItem","position":2,"name":"Portfolio","item":"https:\/\/redlof-medien.de\/en\/portfolio\/"},{"@type":"ListItem","position":3,"name":"Custom software solutions"}]},{"@type":"WebSite","@id":"https:\/\/redlof-medien.de\/en\/#website","url":"https:\/\/redlof-medien.de\/en\/","name":"Redlof Medien","description":"Herzlich Willkommen bei Redlof Medien. Wir sind eine mittelst\u00e4ndisch gepr\u00e4gte Digitale Medien-Agentur.","publisher":{"@id":"https:\/\/redlof-medien.de\/en\/#organization"},"potentialAction":[{"@type":"SearchAction","target":{"@type":"EntryPoint","urlTemplate":"https:\/\/redlof-medien.de\/en\/?s={search_term_string}"},"query-input":{"@type":"PropertyValueSpecification","valueRequired":true,"valueName":"search_term_string"}}],"inLanguage":"en-US"},{"@type":"Organization","@id":"https:\/\/redlof-medien.de\/en\/#organization","name":"Redlof Medien GmbH & Co. KG","alternateName":"Redlof Medien","url":"https:\/\/redlof-medien.de\/en\/","logo":{"@type":"ImageObject","inLanguage":"en-US","@id":"https:\/\/redlof-medien.de\/en\/#\/schema\/logo\/image\/","url":"https:\/\/redlof-medien.de\/wp-content\/uploads\/2023\/10\/rm-google-logo.jpg","contentUrl":"https:\/\/redlof-medien.de\/wp-content\/uploads\/2023\/10\/rm-google-logo.jpg","width":696,"height":696,"caption":"Redlof Medien GmbH & Co. KG"},"image":{"@id":"https:\/\/redlof-medien.de\/en\/#\/schema\/logo\/image\/"},"sameAs":["https:\/\/www.instagram.com\/redlof.medien\/","https:\/\/de.linkedin.com\/company\/redlof-medien-gmbh-&-co.-kg"]}]}},"_links":{"self":[{"href":"https:\/\/redlof-medien.de\/en\/wp-json\/wp\/v2\/pages\/7765","targetHints":{"allow":["GET"]}}],"collection":[{"href":"https:\/\/redlof-medien.de\/en\/wp-json\/wp\/v2\/pages"}],"about":[{"href":"https:\/\/redlof-medien.de\/en\/wp-json\/wp\/v2\/types\/page"}],"author":[{"embeddable":true,"href":"https:\/\/redlof-medien.de\/en\/wp-json\/wp\/v2\/users\/1"}],"replies":[{"embeddable":true,"href":"https:\/\/redlof-medien.de\/en\/wp-json\/wp\/v2\/comments?post=7765"}],"version-history":[{"count":25,"href":"https:\/\/redlof-medien.de\/en\/wp-json\/wp\/v2\/pages\/7765\/revisions"}],"predecessor-version":[{"id":12211,"href":"https:\/\/redlof-medien.de\/en\/wp-json\/wp\/v2\/pages\/7765\/revisions\/12211"}],"up":[{"embeddable":true,"href":"https:\/\/redlof-medien.de\/en\/wp-json\/wp\/v2\/pages\/7742"}],"wp:featuredmedia":[{"embeddable":true,"href":"https:\/\/redlof-medien.de\/en\/wp-json\/wp\/v2\/media\/7178"}],"wp:attachment":[{"href":"https:\/\/redlof-medien.de\/en\/wp-json\/wp\/v2\/media?parent=7765"}],"curies":[{"name":"wp","href":"https:\/\/api.w.org\/{rel}","templated":true}]}}