{"id":7825,"date":"2022-01-20T10:52:41","date_gmt":"2022-01-20T09:52:41","guid":{"rendered":"https:\/\/www.redlof-medien.de\/?page_id=7825"},"modified":"2025-02-24T08:59:00","modified_gmt":"2025-02-24T07:59:00","slug":"program-structure","status":"publish","type":"page","link":"https:\/\/redlof-medien.de\/en\/fahrgasttv\/program-structure\/","title":{"rendered":"Program Structure"},"content":{"rendered":"<div class=\"wpb-content-wrapper\"><p>[vc_row][vc_column css=&#8221;.vc_custom_1653386050208{margin-bottom: 40px !important;border-top-width: 1px !important;border-bottom-width: 1px !important;border-top-color: #ffffff !important;border-top-style: solid !important;border-bottom-color: #ffffff !important;border-bottom-style: solid !important;}&#8221; offset=&#8221;vc_hidden-xs&#8221;][vc_column_text css_animation=&#8221;none&#8221; el_class=&#8221;xlarge&#8221;]<\/p>\n<h1>Program Structure<\/h1>\n<p>[\/vc_column_text][\/vc_column][\/vc_row][vc_row][vc_column css=&#8221;.vc_custom_1653386059656{margin-bottom: 40px !important;border-top-width: 1px !important;border-bottom-width: 1px !important;border-top-color: #ffffff !important;border-top-style: solid !important;border-bottom-color: #ffffff !important;border-bottom-style: solid !important;}&#8221; offset=&#8221;vc_hidden-lg vc_hidden-md vc_hidden-sm&#8221;][vc_column_text css_animation=&#8221;none&#8221;]<\/p>\n<h2>Program Structure<\/h2>\n<p>[\/vc_column_text][\/vc_column][\/vc_row][vc_row][vc_column][vc_column_text]<\/p>\n<h3>Program loop: 7 minutes<\/h3>\n<p>[\/vc_column_text][\/vc_column][\/vc_row][vc_row css=&#8221;.vc_custom_1736861403739{background-color: #3E464F !important;}&#8221;][vc_column width=&#8221;5\/6&#8243;][vc_single_image image=&#8221;7459&#8243; img_size=&#8221;full&#8221; css=&#8221;&#8221;][\/vc_column][vc_column width=&#8221;1\/6&#8243;][\/vc_column][\/vc_row][vc_row css=&#8221;.vc_custom_1651217128505{margin-top: 40px !important;}&#8221;][vc_column][vc_column_text]<\/p>\n<h2>Fahrgast TV<\/h2>\n<p>[\/vc_column_text][vc_row_inner][vc_column_inner width=&#8221;3\/4&#8243;][vc_single_image image=&#8221;7460&#8243; img_size=&#8221;full&#8221; css=&#8221;&#8221;][vc_column_text]Our state-of-the-art high-tech system broadcasts on <strong>two 19 to 21.5-inch LED screens<\/strong> throughout the entire journey, visible to all passengers. This innovative technology allows you to present your message in public transportation in an extremely effective manner.<\/p>\n<p>Our diverse range of infotainment content combines elements from business, culture, politics, and sports with essential route and stop information. Studies show that passengers pay almost their entire attention to such information media, which means <strong>unparalleled effectiveness for your advertising message<\/strong>.<\/p>\n<p>Thanks to this unique opportunity, you have the chance to reach your target audience comprehensively in your city. With your spot, you can not only capture the passengers&#8217; attention but also present your brand and message in a memorable way that influences purchasing decisions. Make use of our powerful system to enhance your presence and the success of your advertising campaigns.[\/vc_column_text][\/vc_column_inner][vc_column_inner width=&#8221;1\/4&#8243;][vc_column_text]<\/p>\n<h3><span style=\"color: #f57d3c;\">Program Structure<\/span><\/h3>\n<p>[\/vc_column_text][vc_column_text]The program loop is based on the average length of stay of passengers in the buses and lasts about 7 minutes. The spots are displayed in a constant alternation of advertising, event tips, news, and weather forecasts.[\/vc_column_text][\/vc_column_inner][\/vc_row_inner][\/vc_column][\/vc_row][vc_row css=&#8221;.vc_custom_1651218359627{margin-top: 20px !important;}&#8221;][vc_column][vc_column_text]<\/p>\n<h2>Center TV<\/h2>\n<p>[\/vc_column_text][vc_row_inner][vc_column_inner width=&#8221;3\/4&#8243;][vc_single_image image=&#8221;7461&#8243; img_size=&#8221;full&#8221; css=&#8221;&#8221;][vc_column_text]With a total area of 15 m\u00b2, the <strong>LED infotainment wall<\/strong> is unique in its size and automatically attracts the attention of passersby In addition, <strong>four more 42&#8243; LED screens<\/strong> were installed in the food court of the Br\u00fccken-Center to entertain and inform the lingering visitor.<\/p>\n<p>The program of these multimedia eye-catchers is up-to-date and dynamic. In addition to regional and national news, it contains event information and, of course, your <strong>advertising message<\/strong>.[\/vc_column_text][vc_column_text el_class=&#8221;hidden&#8221;]Sie haben eine kurzfristige Aktion und wollen diese zielgerichtet und effektiv bewerben? Dank regelm\u00e4\u00dfigen, t\u00e4glichen Aktualisierungen k\u00f6nnen wir schnell und effektiv auf Ihre W\u00fcnsche reagieren.[\/vc_column_text][\/vc_column_inner][vc_column_inner width=&#8221;1\/4&#8243;][vc_column_text]<\/p>\n<h3><span style=\"color: #f57d3c;\">Program Structure<\/span><\/h3>\n<p>[\/vc_column_text][vc_column_text]<\/p>\n<div class=\"column3 clearfix\">\n<p>The program loop consists of a 100-second BR program and commercials alternating with cinema charts and event tips.<\/p>\n<\/div>\n<p>[\/vc_column_text][\/vc_column_inner][\/vc_row_inner][\/vc_column][\/vc_row]<\/p>\n<\/div>","protected":false},"excerpt":{"rendered":"<p>[vc_row][vc_column css=&#8221;.vc_custom_1653386050208{margin-bottom: 40px !important;border-top-width: 1px !important;border-bottom-width: 1px !important;border-top-color: #ffffff !important;border-top-style: solid !important;border-bottom-color: #ffffff !important;border-bottom-style: solid !important;}&#8221; offset=&#8221;vc_hidden-xs&#8221;][vc_column_text css_animation=&#8221;none&#8221; el_class=&#8221;xlarge&#8221;] Program Structure [\/vc_column_text][\/vc_column][\/vc_row][vc_row][vc_column css=&#8221;.vc_custom_1653386059656{margin-bottom: 40px !important;border-top-width: 1px !important;border-bottom-width: 1px !important;border-top-color: #ffffff !important;border-top-style: solid !important;border-bottom-color: #ffffff !important;border-bottom-style: solid !important;}&#8221; offset=&#8221;vc_hidden-lg vc_hidden-md vc_hidden-sm&#8221;][vc_column_text css_animation=&#8221;none&#8221;] Program Structure [\/vc_column_text][\/vc_column][\/vc_row][vc_row][vc_column][vc_column_text] Program loop: 7 minutes [\/vc_column_text][\/vc_column][\/vc_row][vc_row css=&#8221;.vc_custom_1736861403739{background-color: #3E464F !important;}&#8221;][vc_column width=&#8221;5\/6&#8243;][vc_single_image image=&#8221;7459&#8243; img_size=&#8221;full&#8221;&hellip;<\/p>\n","protected":false},"author":1,"featured_media":7459,"parent":11444,"menu_order":0,"comment_status":"closed","ping_status":"closed","template":"","meta":{"_acf_changed":false,"inline_featured_image":false,"footnotes":""},"class_list":["post-7825","page","type-page","status-publish","has-post-thumbnail","hentry"],"acf":[],"yoast_head":"<!-- This site is optimized with the Yoast SEO plugin v27.2 - https:\/\/yoast.com\/product\/yoast-seo-wordpress\/ -->\n<title>Program Structure Fahrgast TV - Redlof Medien<\/title>\n<meta name=\"description\" content=\"Find out about the program structure and the composition of the program loop of Fahrgast TV and Center TV.\" \/>\n<meta name=\"robots\" content=\"index, follow, max-snippet:-1, max-image-preview:large, max-video-preview:-1\" \/>\n<link rel=\"canonical\" href=\"https:\/\/redlof-medien.de\/en\/fahrgasttv\/program-structure\/\" \/>\n<meta property=\"og:locale\" content=\"en_US\" \/>\n<meta property=\"og:type\" content=\"article\" \/>\n<meta property=\"og:title\" content=\"Program Structure Fahrgast TV - Redlof Medien\" \/>\n<meta property=\"og:description\" content=\"Find out about the program structure and the composition of the program loop of Fahrgast TV and Center TV.\" \/>\n<meta property=\"og:url\" content=\"https:\/\/redlof-medien.de\/en\/fahrgasttv\/program-structure\/\" \/>\n<meta property=\"og:site_name\" content=\"Redlof Medien\" \/>\n<meta property=\"article:modified_time\" content=\"2025-02-24T07:59:00+00:00\" \/>\n<meta property=\"og:image\" content=\"https:\/\/redlof-medien.de\/wp-content\/uploads\/2022\/12\/Programmaufbau-Diagramm-en.png\" \/>\n\t<meta property=\"og:image:width\" content=\"2048\" \/>\n\t<meta property=\"og:image:height\" content=\"1024\" \/>\n\t<meta property=\"og:image:type\" content=\"image\/png\" \/>\n<meta name=\"twitter:card\" content=\"summary_large_image\" \/>\n<meta name=\"twitter:label1\" content=\"Est. reading time\" \/>\n\t<meta name=\"twitter:data1\" content=\"3 minutes\" \/>\n<script type=\"application\/ld+json\" class=\"yoast-schema-graph\">{\"@context\":\"https:\/\/schema.org\",\"@graph\":[{\"@type\":\"WebPage\",\"@id\":\"https:\/\/redlof-medien.de\/en\/fahrgasttv\/program-structure\/\",\"url\":\"https:\/\/redlof-medien.de\/en\/fahrgasttv\/program-structure\/\",\"name\":\"Program Structure Fahrgast TV - Redlof Medien\",\"isPartOf\":{\"@id\":\"https:\/\/redlof-medien.de\/en\/#website\"},\"primaryImageOfPage\":{\"@id\":\"https:\/\/redlof-medien.de\/en\/fahrgasttv\/program-structure\/#primaryimage\"},\"image\":{\"@id\":\"https:\/\/redlof-medien.de\/en\/fahrgasttv\/program-structure\/#primaryimage\"},\"thumbnailUrl\":\"https:\/\/redlof-medien.de\/wp-content\/uploads\/2022\/12\/Programmaufbau-Diagramm-en.png\",\"datePublished\":\"2022-01-20T09:52:41+00:00\",\"dateModified\":\"2025-02-24T07:59:00+00:00\",\"description\":\"Find out about the program structure and the composition of the program loop of Fahrgast TV and Center TV.\",\"breadcrumb\":{\"@id\":\"https:\/\/redlof-medien.de\/en\/fahrgasttv\/program-structure\/#breadcrumb\"},\"inLanguage\":\"en-US\",\"potentialAction\":[{\"@type\":\"ReadAction\",\"target\":[\"https:\/\/redlof-medien.de\/en\/fahrgasttv\/program-structure\/\"]}]},{\"@type\":\"ImageObject\",\"inLanguage\":\"en-US\",\"@id\":\"https:\/\/redlof-medien.de\/en\/fahrgasttv\/program-structure\/#primaryimage\",\"url\":\"https:\/\/redlof-medien.de\/wp-content\/uploads\/2022\/12\/Programmaufbau-Diagramm-en.png\",\"contentUrl\":\"https:\/\/redlof-medien.de\/wp-content\/uploads\/2022\/12\/Programmaufbau-Diagramm-en.png\",\"width\":2048,\"height\":1024,\"caption\":\"Pie chart program structure: 50% advertising, 35% news, 10% traffic reports, 5% entertainment\"},{\"@type\":\"BreadcrumbList\",\"@id\":\"https:\/\/redlof-medien.de\/en\/fahrgasttv\/program-structure\/#breadcrumb\",\"itemListElement\":[{\"@type\":\"ListItem\",\"position\":1,\"name\":\"Home\",\"item\":\"https:\/\/redlof-medien.de\/en\/home-2\/\"},{\"@type\":\"ListItem\",\"position\":2,\"name\":\"Fahrgast TV\",\"item\":\"https:\/\/redlof-medien.de\/en\/fahrgasttv\/\"},{\"@type\":\"ListItem\",\"position\":3,\"name\":\"Program Structure\"}]},{\"@type\":\"WebSite\",\"@id\":\"https:\/\/redlof-medien.de\/en\/#website\",\"url\":\"https:\/\/redlof-medien.de\/en\/\",\"name\":\"Redlof Medien\",\"description\":\"Herzlich Willkommen bei Redlof Medien. Wir sind eine mittelst\u00e4ndisch gepr\u00e4gte Digitale Medien-Agentur.\",\"publisher\":{\"@id\":\"https:\/\/redlof-medien.de\/en\/#organization\"},\"potentialAction\":[{\"@type\":\"SearchAction\",\"target\":{\"@type\":\"EntryPoint\",\"urlTemplate\":\"https:\/\/redlof-medien.de\/en\/?s={search_term_string}\"},\"query-input\":{\"@type\":\"PropertyValueSpecification\",\"valueRequired\":true,\"valueName\":\"search_term_string\"}}],\"inLanguage\":\"en-US\"},{\"@type\":\"Organization\",\"@id\":\"https:\/\/redlof-medien.de\/en\/#organization\",\"name\":\"Redlof Medien GmbH & Co. KG\",\"alternateName\":\"Redlof Medien\",\"url\":\"https:\/\/redlof-medien.de\/en\/\",\"logo\":{\"@type\":\"ImageObject\",\"inLanguage\":\"en-US\",\"@id\":\"https:\/\/redlof-medien.de\/en\/#\/schema\/logo\/image\/\",\"url\":\"https:\/\/redlof-medien.de\/wp-content\/uploads\/2023\/10\/rm-google-logo.jpg\",\"contentUrl\":\"https:\/\/redlof-medien.de\/wp-content\/uploads\/2023\/10\/rm-google-logo.jpg\",\"width\":696,\"height\":696,\"caption\":\"Redlof Medien GmbH & Co. KG\"},\"image\":{\"@id\":\"https:\/\/redlof-medien.de\/en\/#\/schema\/logo\/image\/\"},\"sameAs\":[\"https:\/\/www.instagram.com\/redlof.medien\/\",\"https:\/\/de.linkedin.com\/company\/redlof-medien-gmbh-&-co.-kg\"]}]}<\/script>\n<!-- \/ Yoast SEO plugin. -->","yoast_head_json":{"title":"Program Structure Fahrgast TV - Redlof Medien","description":"Find out about the program structure and the composition of the program loop of Fahrgast TV and Center TV.","robots":{"index":"index","follow":"follow","max-snippet":"max-snippet:-1","max-image-preview":"max-image-preview:large","max-video-preview":"max-video-preview:-1"},"canonical":"https:\/\/redlof-medien.de\/en\/fahrgasttv\/program-structure\/","og_locale":"en_US","og_type":"article","og_title":"Program Structure Fahrgast TV - Redlof Medien","og_description":"Find out about the program structure and the composition of the program loop of Fahrgast TV and Center TV.","og_url":"https:\/\/redlof-medien.de\/en\/fahrgasttv\/program-structure\/","og_site_name":"Redlof Medien","article_modified_time":"2025-02-24T07:59:00+00:00","og_image":[{"width":2048,"height":1024,"url":"https:\/\/redlof-medien.de\/wp-content\/uploads\/2022\/12\/Programmaufbau-Diagramm-en.png","type":"image\/png"}],"twitter_card":"summary_large_image","twitter_misc":{"Est. reading time":"3 minutes"},"schema":{"@context":"https:\/\/schema.org","@graph":[{"@type":"WebPage","@id":"https:\/\/redlof-medien.de\/en\/fahrgasttv\/program-structure\/","url":"https:\/\/redlof-medien.de\/en\/fahrgasttv\/program-structure\/","name":"Program Structure Fahrgast TV - Redlof Medien","isPartOf":{"@id":"https:\/\/redlof-medien.de\/en\/#website"},"primaryImageOfPage":{"@id":"https:\/\/redlof-medien.de\/en\/fahrgasttv\/program-structure\/#primaryimage"},"image":{"@id":"https:\/\/redlof-medien.de\/en\/fahrgasttv\/program-structure\/#primaryimage"},"thumbnailUrl":"https:\/\/redlof-medien.de\/wp-content\/uploads\/2022\/12\/Programmaufbau-Diagramm-en.png","datePublished":"2022-01-20T09:52:41+00:00","dateModified":"2025-02-24T07:59:00+00:00","description":"Find out about the program structure and the composition of the program loop of Fahrgast TV and Center TV.","breadcrumb":{"@id":"https:\/\/redlof-medien.de\/en\/fahrgasttv\/program-structure\/#breadcrumb"},"inLanguage":"en-US","potentialAction":[{"@type":"ReadAction","target":["https:\/\/redlof-medien.de\/en\/fahrgasttv\/program-structure\/"]}]},{"@type":"ImageObject","inLanguage":"en-US","@id":"https:\/\/redlof-medien.de\/en\/fahrgasttv\/program-structure\/#primaryimage","url":"https:\/\/redlof-medien.de\/wp-content\/uploads\/2022\/12\/Programmaufbau-Diagramm-en.png","contentUrl":"https:\/\/redlof-medien.de\/wp-content\/uploads\/2022\/12\/Programmaufbau-Diagramm-en.png","width":2048,"height":1024,"caption":"Pie chart program structure: 50% advertising, 35% news, 10% traffic reports, 5% entertainment"},{"@type":"BreadcrumbList","@id":"https:\/\/redlof-medien.de\/en\/fahrgasttv\/program-structure\/#breadcrumb","itemListElement":[{"@type":"ListItem","position":1,"name":"Home","item":"https:\/\/redlof-medien.de\/en\/home-2\/"},{"@type":"ListItem","position":2,"name":"Fahrgast TV","item":"https:\/\/redlof-medien.de\/en\/fahrgasttv\/"},{"@type":"ListItem","position":3,"name":"Program Structure"}]},{"@type":"WebSite","@id":"https:\/\/redlof-medien.de\/en\/#website","url":"https:\/\/redlof-medien.de\/en\/","name":"Redlof Medien","description":"Herzlich Willkommen bei Redlof Medien. Wir sind eine mittelst\u00e4ndisch gepr\u00e4gte Digitale Medien-Agentur.","publisher":{"@id":"https:\/\/redlof-medien.de\/en\/#organization"},"potentialAction":[{"@type":"SearchAction","target":{"@type":"EntryPoint","urlTemplate":"https:\/\/redlof-medien.de\/en\/?s={search_term_string}"},"query-input":{"@type":"PropertyValueSpecification","valueRequired":true,"valueName":"search_term_string"}}],"inLanguage":"en-US"},{"@type":"Organization","@id":"https:\/\/redlof-medien.de\/en\/#organization","name":"Redlof Medien GmbH & Co. KG","alternateName":"Redlof Medien","url":"https:\/\/redlof-medien.de\/en\/","logo":{"@type":"ImageObject","inLanguage":"en-US","@id":"https:\/\/redlof-medien.de\/en\/#\/schema\/logo\/image\/","url":"https:\/\/redlof-medien.de\/wp-content\/uploads\/2023\/10\/rm-google-logo.jpg","contentUrl":"https:\/\/redlof-medien.de\/wp-content\/uploads\/2023\/10\/rm-google-logo.jpg","width":696,"height":696,"caption":"Redlof Medien GmbH & Co. KG"},"image":{"@id":"https:\/\/redlof-medien.de\/en\/#\/schema\/logo\/image\/"},"sameAs":["https:\/\/www.instagram.com\/redlof.medien\/","https:\/\/de.linkedin.com\/company\/redlof-medien-gmbh-&-co.-kg"]}]}},"_links":{"self":[{"href":"https:\/\/redlof-medien.de\/en\/wp-json\/wp\/v2\/pages\/7825","targetHints":{"allow":["GET"]}}],"collection":[{"href":"https:\/\/redlof-medien.de\/en\/wp-json\/wp\/v2\/pages"}],"about":[{"href":"https:\/\/redlof-medien.de\/en\/wp-json\/wp\/v2\/types\/page"}],"author":[{"embeddable":true,"href":"https:\/\/redlof-medien.de\/en\/wp-json\/wp\/v2\/users\/1"}],"replies":[{"embeddable":true,"href":"https:\/\/redlof-medien.de\/en\/wp-json\/wp\/v2\/comments?post=7825"}],"version-history":[{"count":22,"href":"https:\/\/redlof-medien.de\/en\/wp-json\/wp\/v2\/pages\/7825\/revisions"}],"predecessor-version":[{"id":11717,"href":"https:\/\/redlof-medien.de\/en\/wp-json\/wp\/v2\/pages\/7825\/revisions\/11717"}],"up":[{"embeddable":true,"href":"https:\/\/redlof-medien.de\/en\/wp-json\/wp\/v2\/pages\/11444"}],"wp:featuredmedia":[{"embeddable":true,"href":"https:\/\/redlof-medien.de\/en\/wp-json\/wp\/v2\/media\/7459"}],"wp:attachment":[{"href":"https:\/\/redlof-medien.de\/en\/wp-json\/wp\/v2\/media?parent=7825"}],"curies":[{"name":"wp","href":"https:\/\/api.w.org\/{rel}","templated":true}]}}