{"id":9038,"date":"2023-05-04T09:32:55","date_gmt":"2023-05-04T07:32:55","guid":{"rendered":"https:\/\/www.redlof-medien.de\/?page_id=9038"},"modified":"2023-05-04T15:45:56","modified_gmt":"2023-05-04T13:45:56","slug":"digital-presenter-service-2","status":"publish","type":"page","link":"https:\/\/redlof-medien.de\/en\/digital-presenter-service-2\/","title":{"rendered":"Digital Presenter Service"},"content":{"rendered":"<div class=\"wpb-content-wrapper\"><p>[vc_row][vc_column css=&#8221;.vc_custom_1635155540374{margin-bottom: 40px !important;border-top-width: 1px !important;border-bottom-width: 1px !important;border-top-color: #ffffff !important;border-top-style: solid !important;border-bottom-color: #ffffff !important;border-bottom-style: solid !important;}&#8221;][vc_column_text css_animation=&#8221;none&#8221; el_class=&#8221;xlarge&#8221;]<\/p>\n<h1>Digital Presenter Service<\/h1>\n<p>[\/vc_column_text][\/vc_column][\/vc_row][vc_row][vc_column width=&#8221;1\/2&#8243;][vc_column_text el_class=&#8221;introductory&#8221;]Der digitale Presenter l\u00e4sst eine gro\u00dfe Anzahl von Einsatzszenarien zu. Egal ob als Begr\u00fc\u00dfung auf der Homepage oder im Rahmen einer komplexen digitalen Pr\u00e4sentation.<\/p>\n<p>Digitale Presenter erm\u00f6glichen eine lebendige und interessante Umsetzung, insbesondere wenn viele Informationen ohne lange Texte vermittelt werden sollen.[\/vc_column_text][\/vc_column][vc_column width=&#8221;1\/2&#8243;][vc_single_image image=&#8221;8812&#8243; img_size=&#8221;full&#8221; add_caption=&#8221;yes&#8221;][\/vc_column][\/vc_row][vc_row][vc_column width=&#8221;1\/2&#8243;][vc_single_image image=&#8221;8799&#8243; img_size=&#8221;full&#8221; add_caption=&#8221;yes&#8221;][\/vc_column][vc_column width=&#8221;1\/2&#8243;][vc_column_text el_class=&#8221;introductory&#8221;]<\/p>\n<ul>\n<li>Die nahtlose Integration in bestehende Webseiten schafft zudem au\u00dfergew\u00f6hnliche und aufmerksamkeitsstarke Designs.<\/li>\n<li>Die Nutzung von echten Personen unterst\u00fctzt den Aufbau von Vertrauen und Transparenz.<\/li>\n<li>Der digitale Presenter ist insbesondere bei mobilen Ger\u00e4ten durch sein adaptives Design (responsive) deutlich besser zu integrieren als reine Videodateien.<\/li>\n<\/ul>\n<p>[\/vc_column_text][\/vc_column][\/vc_row][vc_row][vc_column][vc_column_text]<\/p>\n<h2><span style=\"color: #f57d3c;\">Unser Service<\/span><\/h2>\n<p>[\/vc_column_text][\/vc_column][\/vc_row][vc_row][vc_column width=&#8221;1\/2&#8243;][vc_column_text]Wir nehmen f\u00fcr Sie Ihre Sprecher in einem professionellen Greenscreen Studio auf. Nach dem Freistellen des Hintergrundes kodieren wir Ihre Videodateien in die notwendigen Formate. Mit unserem Framework f\u00fcgen wir die Steuerelemente und Untertitel in den gew\u00fcnschten Sprachen hinzu und sorgen f\u00fcr das adaptive Verhalten auf Ihrer Webpage.<\/p>\n<p>Die fertigen Dateien liefern wir Ihren verantwortlichen Webseiten-Betreuern, die dann problemlos Ihre Webpage mit den digitalen Presentern best\u00fccken k\u00f6nnen.[\/vc_column_text][\/vc_column][vc_column width=&#8221;1\/2&#8243;][vc_column_text]Um Reisekosten und unn\u00f6tige Zeitaufw\u00e4nde zu minimieren, arbeiten wir mit entsprechenden Partnerfirmen im Bereich der Videoaufnahmen zusammen.<\/p>\n<p>Zudem liefern wir gerne vorab entsprechende Vorlagen und Vorgaben f\u00fcr die beteiligten Gewerke: Video und Web.[\/vc_column_text][\/vc_column][\/vc_row][vc_row][vc_column width=&#8221;1\/2&#8243;][vc_single_image image=&#8221;8822&#8243; img_size=&#8221;full&#8221; add_caption=&#8221;yes&#8221;][\/vc_column][vc_column width=&#8221;1\/2&#8243;][vc_single_image image=&#8221;8818&#8243; img_size=&#8221;full&#8221; add_caption=&#8221;yes&#8221;][\/vc_column][\/vc_row][vc_row css=&#8221;.vc_custom_1680697317357{margin-top: 30px !important;}&#8221;][vc_column][vc_column_text]<\/p>\n<h2><span style=\"color: #f57d3c;\">FAQ<\/span><\/h2>\n<p>[\/vc_column_text][vc_tta_accordion section_title_tag=&#8221;h3&#8243; shape=&#8221;square&#8221; gap=&#8221;10&#8243; c_icon=&#8221;chevron&#8221; active_section=&#8221;999&#8243; collapsible_all=&#8221;true&#8221; css=&#8221;.vc_custom_1680613006000{background-color: #21242c !important;}&#8221;][vc_tta_section title=&#8221;Does the Digital Presenter only work with certain end devices?&#8221; tab_id=&#8221;1680603385700-af2f3c45-0bb9&#8243;][vc_column_text]The Digital Presenter runs on all major browsers and end devices.[\/vc_column_text][\/vc_tta_section][vc_tta_section title=&#8221;Do you grant agency discounts?&#8221; tab_id=&#8221;1680603385714-719d146b-fd5e&#8221;][vc_column_text]Yes, please get in direct contact with us about this.[\/vc_column_text][\/vc_tta_section][vc_tta_section title=&#8221;Can we deliver our own recordings?&#8221; tab_id=&#8221;1680609352078-f52f8438-e2f8&#8243;][vc_column_text]Ja, sehr gerne.<br \/>\nAllerdings gibt es einiges zu beachten, um einen guten Key und die gew\u00fcnschte Positionierung auf der Webseite zu erreichen.[\/vc_column_text][\/vc_tta_section][vc_tta_section title=&#8221;How big can the files be?&#8221; tab_id=&#8221;1680610334415-c06bbd87-5e2c&#8221;][vc_column_text]Hierzu gibt es keine Limitierung.<br \/>\nUm die h\u00f6chste Qualit\u00e4t zu gew\u00e4hrleisten, ben\u00f6tigen wir die Originaldateien aus der Kamera.\u00a0Falls diese nicht online verschickt werden k\u00f6nnen, gibt es auch die M\u00f6glichkeit einen Datentr\u00e4ger per Post zu verschicken.[\/vc_column_text][\/vc_tta_section][vc_tta_section title=&#8221;What format should the recordings be in?&#8221; tab_id=&#8221;1680610361444-1dff10b5-8544&#8243;][vc_column_text]We have compiled a precise list of the possible formats for you in a separate document.[\/vc_column_text][\/vc_tta_section][vc_tta_section title=&#8221;Is there a maximum length in minutes?&#8221; tab_id=&#8221;1680610466305-f0efd6bf-7233&#8243;][vc_column_text]Technically speaking, the presenter can talk for hours at a time, nonetheless, we recommend a maximum length of around 2-3 minutes.[\/vc_column_text][\/vc_tta_section][\/vc_tta_accordion][\/vc_column][\/vc_row][vc_row equal_height=&#8221;yes&#8221; css=&#8221;.vc_custom_1678717706273{margin-bottom: 40px !important;}&#8221;][vc_column width=&#8221;1\/2&#8243; css=&#8221;.vc_custom_1678717593755{background-color: #21242c !important;}&#8221;][vc_column_text]<\/p>\n<header class=\"vc_cta3-content-header\">\n<h2>Sie haben noch Fragen?<\/h2>\n<p>Weitere Details zum genauen Vorgehen demonstrieren wir Ihnen gerne in einem pers\u00f6nlichen Gespr\u00e4ch.<\/p>\n<\/header>\n<p>[\/vc_column_text][vc_btn title=&#8221;Book your appointment now&#8221; style=&#8221;outline&#8221; shape=&#8221;square&#8221; color=&#8221;warning&#8221; size=&#8221;lg&#8221; link=&#8221;url:https%3A%2F%2Fredlof-medien.de%2Fen%2Fcontact%2F|title:Contact|&#8221;][\/vc_column][vc_column width=&#8221;1\/2&#8243;][\/vc_column][\/vc_row][vc_row][vc_column][vc_raw_html]JTNDdmlkZW8lMjBjbGFzcyUzRCUyMmFscGhhLXZpZGVvcyUyMiUyMG11dGVkJTIwYXV0b3BsYXklMjBsb29wJTIwcGxheXNpbmxpbmUlMjBkaXNhYmxlUGljdHVyZUluUGljdHVyZSUyMHN0eWxlJTNEJTIycG9zaXRpb24lM0ElMjBmaXhlZCUzQiUyMHRvcCUzQSUyMDI1JTI1JTNCJTIwbGVmdCUzQSUyMDQwJTI1JTNCJTIwei1pbmRleCUzQSUyMDEwMDAwJTNCJTIyJTNFJTBBJTIwJTIwJTNDc291cmNlJTIwc3JjJTNEJTIyJTJGd3AtY29udGVudCUyRnRoZW1lcyUyRnJlZGxvZiUyRmFzc2V0cyUyRmFscGhhJTJGcm0zX2Jvb3RoX2plc3NpLm1vdiUyMiUyMHR5cGUlM0QlMjJ2aWRlbyUyRnF1aWNrdGltZSUyMiUyMCUyRiUzRSUwQSUyMCUyMCUzQ3NvdXJjZSUyMHNyYyUzRCUyMiUyRndwLWNvbnRlbnQlMkZ0aGVtZXMlMkZyZWRsb2YlMkZhc3NldHMlMkZhbHBoYSUyRnJtM19ib290aF9qZXNzaS53ZWJtJTIyJTIwdHlwZSUzRCUyMnZpZGVvJTJGd2VibSUyMiUyMCUyRiUzRSUwQSUzQyUyRnZpZGVvJTNF[\/vc_raw_html][vc_raw_js]JTNDc2NyaXB0JTNFJTBBJTIwJTIwJTIwJTIwJTJGJTJGJTIwZmlyZWZveCUyMGZpeCUzQSUwQSUyMCUyMCUyMCUyMCUyOCUyOCUyOSUyMCUzRCUzRSUyMCU3QiUwQSUyMCUyMCUyMCUyMCUyMCUyMGlmJTIwJTI4bmF2aWdhdG9yLnVzZXJBZ2VudC50b0xvd2VyQ2FzZSUyOCUyOS5pbmRleE9mJTI4JTIyZmlyZWZveCUyMiUyOSUyMCUzRCUzRCUzRCUyMC0xJTI5JTIwcmV0dXJuJTNCJTBBJTIwJTIwJTIwJTIwJTIwJTIwZm9yJTIwJTI4Y29uc3QlMjB2aWRlbyUyMG9mJTIwZG9jdW1lbnQuZ2V0RWxlbWVudHNCeUNsYXNzTmFtZSUyOCUyMmFscGhhLXZpZGVvcyUyMiUyOSUyOSUyMCU3QiUwQSUyMCUyMCUyMCUyMCUyMCUyMCUyMCUyMGZvciUyMCUyOGNvbnN0JTIwY2hpbGQlMjBvZiUyMHZpZGVvLmNoaWxkcmVuJTI5JTIwJTdCJTBBJTIwJTIwJTIwJTIwJTIwJTIwJTIwJTIwJTIwJTIwaWYlMjAlMjglMEElMjAlMjAlMjAlMjAlMjAlMjAlMjAlMjAlMjAlMjAlMjAlMjBjaGlsZC50YWdOYW1lLnRvTG93ZXJDYXNlJTI4JTI5JTIwJTNEJTNEJTNEJTIwJTIyc291cmNlJTIyJTIwJTI2JTI2JTBBJTIwJTIwJTIwJTIwJTIwJTIwJTIwJTIwJTIwJTIwJTIwJTIwY2hpbGQuZ2V0QXR0cmlidXRlJTI4JTIydHlwZSUyMiUyOS50b0xvd2VyQ2FzZSUyOCUyOSUyMCUzRCUzRCUzRCUyMCUyMnZpZGVvJTJGcXVpY2t0aW1lJTIyJTBBJTIwJTIwJTIwJTIwJTIwJTIwJTIwJTIwJTIwJTIwJTI5JTIwJTdCJTBBJTIwJTIwJTIwJTIwJTIwJTIwJTIwJTIwJTIwJTIwJTIwJTIwY2hpbGQucmVtb3ZlJTI4JTI5JTNCJTBBJTIwJTIwJTIwJTIwJTIwJTIwJTIwJTIwJTIwJTIwJTdEJTBBJTIwJTIwJTIwJTIwJTIwJTIwJTIwJTIwJTdEJTBBJTIwJTIwJTIwJTIwJTIwJTIwJTIwJTIwdmlkZW8ubG9hZCUyOCUyOSUzQiUwQSUyMCUyMCUyMCUyMCUyMCUyMCU3RCUwQSUyMCUyMCUyMCUyMCU3RCUyOSUyOCUyOSUzQiUwQSUzQyUyRnNjcmlwdCUzRQ==[\/vc_raw_js][\/vc_column][\/vc_row]<\/p>\n<\/div>","protected":false},"excerpt":{"rendered":"<p>[vc_row][vc_column css=&#8221;.vc_custom_1635155540374{margin-bottom: 40px !important;border-top-width: 1px !important;border-bottom-width: 1px !important;border-top-color: #ffffff !important;border-top-style: solid !important;border-bottom-color: #ffffff !important;border-bottom-style: solid !important;}&#8221;][vc_column_text css_animation=&#8221;none&#8221; el_class=&#8221;xlarge&#8221;] Digital Presenter Service [\/vc_column_text][\/vc_column][\/vc_row][vc_row][vc_column width=&#8221;1\/2&#8243;][vc_column_text el_class=&#8221;introductory&#8221;]Der digitale Presenter l\u00e4sst eine gro\u00dfe Anzahl von Einsatzszenarien zu. Egal ob als Begr\u00fc\u00dfung auf der Homepage oder im Rahmen einer komplexen digitalen Pr\u00e4sentation. Digitale Presenter erm\u00f6glichen eine lebendige und interessante Umsetzung,&hellip;<\/p>\n","protected":false},"author":1,"featured_media":8812,"parent":0,"menu_order":250,"comment_status":"closed","ping_status":"closed","template":"","meta":{"_acf_changed":false,"inline_featured_image":false,"footnotes":""},"class_list":["post-9038","page","type-page","status-publish","has-post-thumbnail","hentry"],"acf":[],"yoast_head":"<!-- This site is optimized with the Yoast SEO plugin v27.2 - https:\/\/yoast.com\/product\/yoast-seo-wordpress\/ -->\n<title>Digital Presenter Service - Redlof Medien<\/title>\n<meta name=\"robots\" content=\"index, follow, max-snippet:-1, max-image-preview:large, max-video-preview:-1\" \/>\n<link rel=\"canonical\" href=\"https:\/\/redlof-medien.de\/en\/digital-presenter-service-2\/\" \/>\n<meta property=\"og:locale\" content=\"en_US\" \/>\n<meta property=\"og:type\" content=\"article\" \/>\n<meta property=\"og:title\" content=\"Digital Presenter Service - Redlof Medien\" \/>\n<meta property=\"og:description\" content=\"[vc_row][vc_column css=&#8221;.vc_custom_1635155540374{margin-bottom: 40px !important;border-top-width: 1px !important;border-bottom-width: 1px !important;border-top-color: #ffffff !important;border-top-style: solid !important;border-bottom-color: #ffffff !important;border-bottom-style: solid !important;}&#8221;][vc_column_text css_animation=&#8221;none&#8221; el_class=&#8221;xlarge&#8221;] Digital Presenter Service [\/vc_column_text][\/vc_column][\/vc_row][vc_row][vc_column width=&#8221;1\/2&#8243;][vc_column_text el_class=&#8221;introductory&#8221;]Der digitale Presenter l\u00e4sst eine gro\u00dfe Anzahl von Einsatzszenarien zu. Egal ob als Begr\u00fc\u00dfung auf der Homepage oder im Rahmen einer komplexen digitalen Pr\u00e4sentation. Digitale Presenter erm\u00f6glichen eine lebendige und interessante Umsetzung,&hellip;\" \/>\n<meta property=\"og:url\" content=\"https:\/\/redlof-medien.de\/en\/digital-presenter-service-2\/\" \/>\n<meta property=\"og:site_name\" content=\"Redlof Medien\" \/>\n<meta property=\"article:modified_time\" content=\"2023-05-04T13:45:56+00:00\" \/>\n<meta property=\"og:image\" content=\"https:\/\/redlof-medien.de\/wp-content\/uploads\/2023\/04\/Unbenannt-6.jpg\" \/>\n\t<meta property=\"og:image:width\" content=\"768\" \/>\n\t<meta property=\"og:image:height\" content=\"556\" \/>\n\t<meta property=\"og:image:type\" content=\"image\/jpeg\" \/>\n<meta name=\"twitter:card\" content=\"summary_large_image\" \/>\n<meta name=\"twitter:label1\" content=\"Est. reading time\" \/>\n\t<meta name=\"twitter:data1\" content=\"5 minutes\" \/>\n<script type=\"application\/ld+json\" class=\"yoast-schema-graph\">{\"@context\":\"https:\/\/schema.org\",\"@graph\":[{\"@type\":\"WebPage\",\"@id\":\"https:\/\/redlof-medien.de\/en\/digital-presenter-service-2\/\",\"url\":\"https:\/\/redlof-medien.de\/en\/digital-presenter-service-2\/\",\"name\":\"Digital Presenter Service - Redlof Medien\",\"isPartOf\":{\"@id\":\"https:\/\/redlof-medien.de\/en\/#website\"},\"primaryImageOfPage\":{\"@id\":\"https:\/\/redlof-medien.de\/en\/digital-presenter-service-2\/#primaryimage\"},\"image\":{\"@id\":\"https:\/\/redlof-medien.de\/en\/digital-presenter-service-2\/#primaryimage\"},\"thumbnailUrl\":\"https:\/\/redlof-medien.de\/wp-content\/uploads\/2023\/04\/Unbenannt-6.jpg\",\"datePublished\":\"2023-05-04T07:32:55+00:00\",\"dateModified\":\"2023-05-04T13:45:56+00:00\",\"breadcrumb\":{\"@id\":\"https:\/\/redlof-medien.de\/en\/digital-presenter-service-2\/#breadcrumb\"},\"inLanguage\":\"en-US\",\"potentialAction\":[{\"@type\":\"ReadAction\",\"target\":[\"https:\/\/redlof-medien.de\/en\/digital-presenter-service-2\/\"]}]},{\"@type\":\"ImageObject\",\"inLanguage\":\"en-US\",\"@id\":\"https:\/\/redlof-medien.de\/en\/digital-presenter-service-2\/#primaryimage\",\"url\":\"https:\/\/redlof-medien.de\/wp-content\/uploads\/2023\/04\/Unbenannt-6.jpg\",\"contentUrl\":\"https:\/\/redlof-medien.de\/wp-content\/uploads\/2023\/04\/Unbenannt-6.jpg\",\"width\":768,\"height\":556,\"caption\":\"The screen of a computer shows the Digital Presenter on a website.\"},{\"@type\":\"BreadcrumbList\",\"@id\":\"https:\/\/redlof-medien.de\/en\/digital-presenter-service-2\/#breadcrumb\",\"itemListElement\":[{\"@type\":\"ListItem\",\"position\":1,\"name\":\"Home\",\"item\":\"https:\/\/redlof-medien.de\/en\/home-2\/\"},{\"@type\":\"ListItem\",\"position\":2,\"name\":\"Digital Presenter Service\"}]},{\"@type\":\"WebSite\",\"@id\":\"https:\/\/redlof-medien.de\/en\/#website\",\"url\":\"https:\/\/redlof-medien.de\/en\/\",\"name\":\"Redlof Medien\",\"description\":\"Herzlich Willkommen bei Redlof Medien. Wir sind eine mittelst\u00e4ndisch gepr\u00e4gte Digitale Medien-Agentur.\",\"publisher\":{\"@id\":\"https:\/\/redlof-medien.de\/en\/#organization\"},\"potentialAction\":[{\"@type\":\"SearchAction\",\"target\":{\"@type\":\"EntryPoint\",\"urlTemplate\":\"https:\/\/redlof-medien.de\/en\/?s={search_term_string}\"},\"query-input\":{\"@type\":\"PropertyValueSpecification\",\"valueRequired\":true,\"valueName\":\"search_term_string\"}}],\"inLanguage\":\"en-US\"},{\"@type\":\"Organization\",\"@id\":\"https:\/\/redlof-medien.de\/en\/#organization\",\"name\":\"Redlof Medien GmbH & Co. KG\",\"alternateName\":\"Redlof Medien\",\"url\":\"https:\/\/redlof-medien.de\/en\/\",\"logo\":{\"@type\":\"ImageObject\",\"inLanguage\":\"en-US\",\"@id\":\"https:\/\/redlof-medien.de\/en\/#\/schema\/logo\/image\/\",\"url\":\"https:\/\/redlof-medien.de\/wp-content\/uploads\/2023\/10\/rm-google-logo.jpg\",\"contentUrl\":\"https:\/\/redlof-medien.de\/wp-content\/uploads\/2023\/10\/rm-google-logo.jpg\",\"width\":696,\"height\":696,\"caption\":\"Redlof Medien GmbH & Co. KG\"},\"image\":{\"@id\":\"https:\/\/redlof-medien.de\/en\/#\/schema\/logo\/image\/\"},\"sameAs\":[\"https:\/\/www.instagram.com\/redlof.medien\/\",\"https:\/\/de.linkedin.com\/company\/redlof-medien-gmbh-&-co.-kg\"]}]}<\/script>\n<!-- \/ Yoast SEO plugin. -->","yoast_head_json":{"title":"Digital Presenter Service - Redlof Medien","robots":{"index":"index","follow":"follow","max-snippet":"max-snippet:-1","max-image-preview":"max-image-preview:large","max-video-preview":"max-video-preview:-1"},"canonical":"https:\/\/redlof-medien.de\/en\/digital-presenter-service-2\/","og_locale":"en_US","og_type":"article","og_title":"Digital Presenter Service - Redlof Medien","og_description":"[vc_row][vc_column css=&#8221;.vc_custom_1635155540374{margin-bottom: 40px !important;border-top-width: 1px !important;border-bottom-width: 1px !important;border-top-color: #ffffff !important;border-top-style: solid !important;border-bottom-color: #ffffff !important;border-bottom-style: solid !important;}&#8221;][vc_column_text css_animation=&#8221;none&#8221; el_class=&#8221;xlarge&#8221;] Digital Presenter Service [\/vc_column_text][\/vc_column][\/vc_row][vc_row][vc_column width=&#8221;1\/2&#8243;][vc_column_text el_class=&#8221;introductory&#8221;]Der digitale Presenter l\u00e4sst eine gro\u00dfe Anzahl von Einsatzszenarien zu. Egal ob als Begr\u00fc\u00dfung auf der Homepage oder im Rahmen einer komplexen digitalen Pr\u00e4sentation. Digitale Presenter erm\u00f6glichen eine lebendige und interessante Umsetzung,&hellip;","og_url":"https:\/\/redlof-medien.de\/en\/digital-presenter-service-2\/","og_site_name":"Redlof Medien","article_modified_time":"2023-05-04T13:45:56+00:00","og_image":[{"width":768,"height":556,"url":"https:\/\/redlof-medien.de\/wp-content\/uploads\/2023\/04\/Unbenannt-6.jpg","type":"image\/jpeg"}],"twitter_card":"summary_large_image","twitter_misc":{"Est. reading time":"5 minutes"},"schema":{"@context":"https:\/\/schema.org","@graph":[{"@type":"WebPage","@id":"https:\/\/redlof-medien.de\/en\/digital-presenter-service-2\/","url":"https:\/\/redlof-medien.de\/en\/digital-presenter-service-2\/","name":"Digital Presenter Service - Redlof Medien","isPartOf":{"@id":"https:\/\/redlof-medien.de\/en\/#website"},"primaryImageOfPage":{"@id":"https:\/\/redlof-medien.de\/en\/digital-presenter-service-2\/#primaryimage"},"image":{"@id":"https:\/\/redlof-medien.de\/en\/digital-presenter-service-2\/#primaryimage"},"thumbnailUrl":"https:\/\/redlof-medien.de\/wp-content\/uploads\/2023\/04\/Unbenannt-6.jpg","datePublished":"2023-05-04T07:32:55+00:00","dateModified":"2023-05-04T13:45:56+00:00","breadcrumb":{"@id":"https:\/\/redlof-medien.de\/en\/digital-presenter-service-2\/#breadcrumb"},"inLanguage":"en-US","potentialAction":[{"@type":"ReadAction","target":["https:\/\/redlof-medien.de\/en\/digital-presenter-service-2\/"]}]},{"@type":"ImageObject","inLanguage":"en-US","@id":"https:\/\/redlof-medien.de\/en\/digital-presenter-service-2\/#primaryimage","url":"https:\/\/redlof-medien.de\/wp-content\/uploads\/2023\/04\/Unbenannt-6.jpg","contentUrl":"https:\/\/redlof-medien.de\/wp-content\/uploads\/2023\/04\/Unbenannt-6.jpg","width":768,"height":556,"caption":"The screen of a computer shows the Digital Presenter on a website."},{"@type":"BreadcrumbList","@id":"https:\/\/redlof-medien.de\/en\/digital-presenter-service-2\/#breadcrumb","itemListElement":[{"@type":"ListItem","position":1,"name":"Home","item":"https:\/\/redlof-medien.de\/en\/home-2\/"},{"@type":"ListItem","position":2,"name":"Digital Presenter Service"}]},{"@type":"WebSite","@id":"https:\/\/redlof-medien.de\/en\/#website","url":"https:\/\/redlof-medien.de\/en\/","name":"Redlof Medien","description":"Herzlich Willkommen bei Redlof Medien. Wir sind eine mittelst\u00e4ndisch gepr\u00e4gte Digitale Medien-Agentur.","publisher":{"@id":"https:\/\/redlof-medien.de\/en\/#organization"},"potentialAction":[{"@type":"SearchAction","target":{"@type":"EntryPoint","urlTemplate":"https:\/\/redlof-medien.de\/en\/?s={search_term_string}"},"query-input":{"@type":"PropertyValueSpecification","valueRequired":true,"valueName":"search_term_string"}}],"inLanguage":"en-US"},{"@type":"Organization","@id":"https:\/\/redlof-medien.de\/en\/#organization","name":"Redlof Medien GmbH & Co. KG","alternateName":"Redlof Medien","url":"https:\/\/redlof-medien.de\/en\/","logo":{"@type":"ImageObject","inLanguage":"en-US","@id":"https:\/\/redlof-medien.de\/en\/#\/schema\/logo\/image\/","url":"https:\/\/redlof-medien.de\/wp-content\/uploads\/2023\/10\/rm-google-logo.jpg","contentUrl":"https:\/\/redlof-medien.de\/wp-content\/uploads\/2023\/10\/rm-google-logo.jpg","width":696,"height":696,"caption":"Redlof Medien GmbH & Co. KG"},"image":{"@id":"https:\/\/redlof-medien.de\/en\/#\/schema\/logo\/image\/"},"sameAs":["https:\/\/www.instagram.com\/redlof.medien\/","https:\/\/de.linkedin.com\/company\/redlof-medien-gmbh-&-co.-kg"]}]}},"_links":{"self":[{"href":"https:\/\/redlof-medien.de\/en\/wp-json\/wp\/v2\/pages\/9038","targetHints":{"allow":["GET"]}}],"collection":[{"href":"https:\/\/redlof-medien.de\/en\/wp-json\/wp\/v2\/pages"}],"about":[{"href":"https:\/\/redlof-medien.de\/en\/wp-json\/wp\/v2\/types\/page"}],"author":[{"embeddable":true,"href":"https:\/\/redlof-medien.de\/en\/wp-json\/wp\/v2\/users\/1"}],"replies":[{"embeddable":true,"href":"https:\/\/redlof-medien.de\/en\/wp-json\/wp\/v2\/comments?post=9038"}],"version-history":[{"count":9,"href":"https:\/\/redlof-medien.de\/en\/wp-json\/wp\/v2\/pages\/9038\/revisions"}],"predecessor-version":[{"id":9102,"href":"https:\/\/redlof-medien.de\/en\/wp-json\/wp\/v2\/pages\/9038\/revisions\/9102"}],"wp:featuredmedia":[{"embeddable":true,"href":"https:\/\/redlof-medien.de\/en\/wp-json\/wp\/v2\/media\/8812"}],"wp:attachment":[{"href":"https:\/\/redlof-medien.de\/en\/wp-json\/wp\/v2\/media?parent=9038"}],"curies":[{"name":"wp","href":"https:\/\/api.w.org\/{rel}","templated":true}]}}